{"id":11409,"date":"2025-02-09T11:55:33","date_gmt":"2025-02-09T10:55:33","guid":{"rendered":"https:\/\/www.dayos.fr\/contact\/"},"modified":"2026-01-03T11:33:18","modified_gmt":"2026-01-03T10:33:18","slug":"contact","status":"publish","type":"page","link":"https:\/\/www.dayos.fr\/en\/contact\/","title":{"rendered":"Nous contacter"},"content":{"rendered":"\t\t<div data-elementor-type=\"wp-page\" data-elementor-id=\"11409\" class=\"elementor elementor-11409 elementor-5302\" data-elementor-post-type=\"page\">\n\t\t\t\t\t\t<section class=\"elementor-section elementor-top-section elementor-element elementor-element-1d264ef elementor-section-full_width elementor-section-height-default elementor-section-height-default\" data-id=\"1d264ef\" data-element_type=\"section\">\n\t\t\t\t\t\t<div class=\"elementor-container elementor-column-gap-no\">\n\t\t\t\t\t<div class=\"elementor-column elementor-col-100 elementor-top-column elementor-element elementor-element-e44b401\" data-id=\"e44b401\" data-element_type=\"column\">\n\t\t\t<div class=\"elementor-widget-wrap elementor-element-populated\">\n\t\t\t\t\t\t<section class=\"elementor-section elementor-inner-section elementor-element elementor-element-d8dc21f elementor-section-full_width qodef-elementor-content-grid elementor-section-height-default elementor-section-height-default\" data-id=\"d8dc21f\" data-element_type=\"section\">\n\t\t\t\t\t\t<div class=\"elementor-container elementor-column-gap-no\">\n\t\t\t\t\t<div class=\"elementor-column elementor-col-100 elementor-inner-column elementor-element elementor-element-9acbdba\" data-id=\"9acbdba\" data-element_type=\"column\">\n\t\t\t<div class=\"elementor-widget-wrap elementor-element-populated\">\n\t\t\t\t\t\t<div class=\"elementor-element elementor-element-33dea3f elementor-widget elementor-widget-hawat_core_section_title\" data-id=\"33dea3f\" data-element_type=\"widget\" data-widget_type=\"hawat_core_section_title.default\">\n\t\t\t\t<div class=\"elementor-widget-container\">\n\t\t\t\t\t<div class=\"qodef-shortcode qodef-m  qodef-section-title qodef-alignment--left  \">\n\t\t<h1 class=\"qodef-m-title\" >\n\t\t\t\t\tNous contacter\t\t\t<\/h1>\n\t\t<\/div>\n\t\t\t\t<\/div>\n\t\t\t\t<\/div>\n\t\t\t\t\t<\/div>\n\t\t<\/div>\n\t\t\t\t\t<\/div>\n\t\t<\/section>\n\t\t\t\t\t<\/div>\n\t\t<\/div>\n\t\t\t\t\t<\/div>\n\t\t<\/section>\n\t\t\t\t<section class=\"elementor-section elementor-top-section elementor-element elementor-element-17c9b12 elementor-section-full_width elementor-section-height-default elementor-section-height-default\" data-id=\"17c9b12\" data-element_type=\"section\">\n\t\t\t\t\t\t<div class=\"elementor-container elementor-column-gap-no\">\n\t\t\t\t\t<div class=\"elementor-column elementor-col-50 elementor-top-column elementor-element elementor-element-34eb524\" data-id=\"34eb524\" data-element_type=\"column\">\n\t\t\t<div class=\"elementor-widget-wrap elementor-element-populated\">\n\t\t\t\t\t\t<div class=\"elementor-element elementor-element-61bf6d4 elementor-widget elementor-widget-qi_addons_for_elementor_animated_text\" data-id=\"61bf6d4\" data-element_type=\"widget\" data-widget_type=\"qi_addons_for_elementor_animated_text.default\">\n\t\t\t\t<div class=\"elementor-widget-container\">\n\t\t\t\t\t<div class=\"qodef-shortcode qodef-m qodef-qi-animated-text qodef-qi--has-appear qodef--appear-from-bottom\" >\n\t\t<h2 class=\"qodef-m-title\">\n\t\t2 agences \u00e0 votre service\t<\/h2>\n<\/div>\n\t\t\t\t<\/div>\n\t\t\t\t<\/div>\n\t\t\t\t<section class=\"elementor-section elementor-inner-section elementor-element elementor-element-1f08ee9 elementor-section-full_width elementor-section-height-default elementor-section-height-default\" data-id=\"1f08ee9\" data-element_type=\"section\">\n\t\t\t\t\t\t<div class=\"elementor-container elementor-column-gap-no\">\n\t\t\t\t\t<div class=\"elementor-column elementor-col-50 elementor-inner-column elementor-element elementor-element-72cb7cb\" data-id=\"72cb7cb\" data-element_type=\"column\">\n\t\t\t<div class=\"elementor-widget-wrap elementor-element-populated\">\n\t\t\t\t\t\t<div class=\"elementor-element elementor-element-35236cc elementor-widget elementor-widget-hawat_core_link_list\" data-id=\"35236cc\" data-element_type=\"widget\" data-widget_type=\"hawat_core_link_list.default\">\n\t\t\t\t<div class=\"elementor-widget-container\">\n\t\t\t\t\t<div class=\"qodef-shortcode qodef-m  qodef-link-list qodef-layout--list qodef--has-number \">\n\t<div class=\"qodef-m-heading\">\n\t\t\t<div class=\"qodef-m-number\">01<\/div>\n\t<h5 class=\"qodef-m-title\" >\tAPT\t<\/h5>\t<\/div>\n\t\t\t<ul class=\"qodef-m-link-list\">\n\t\t\t\t\t\t\t<li class=\"qodef-m-link-list-item\">\n\t\t<a href=\"https:\/\/www.google.fr\/maps\/search\/ZA+des+Bourguignons+%E2%80%93+84400+APT\/@43.8872631,5.3704169,16z\/data=!3m1!4b1?entry=ttu&amp;g_ep=EgoyMDI1MDMwOC4wIKXMDSoASAFQAw%3D%3D\" target=\"_blank\">\n\t\t\t\tZI des Bourguignons<br>84400 APT\t\t\t<\/a>\n<\/li>\n\t\t\t\t\t<\/ul>\n\t<\/div>\n\t\t\t\t<\/div>\n\t\t\t\t<\/div>\n\t\t\t\t\t<\/div>\n\t\t<\/div>\n\t\t\t\t<div class=\"elementor-column elementor-col-50 elementor-inner-column elementor-element elementor-element-d0d8d85\" data-id=\"d0d8d85\" data-element_type=\"column\">\n\t\t\t<div class=\"elementor-widget-wrap elementor-element-populated\">\n\t\t\t\t\t\t<div class=\"elementor-element elementor-element-f6b509c elementor-widget elementor-widget-hawat_core_link_list\" data-id=\"f6b509c\" data-element_type=\"widget\" data-widget_type=\"hawat_core_link_list.default\">\n\t\t\t\t<div class=\"elementor-widget-container\">\n\t\t\t\t\t<div class=\"qodef-shortcode qodef-m  qodef-link-list qodef-layout--list qodef--has-number \">\n\t<div class=\"qodef-m-heading\">\n\t\t\t<div class=\"qodef-m-number\">02<\/div>\n\t<h5 class=\"qodef-m-title\" >\tSalon de provence\t<\/h5>\t<\/div>\n\t\t\t<ul class=\"qodef-m-link-list\">\n\t\t\t\t\t\t\t<li class=\"qodef-m-link-list-item\">\n\t\t\tZA de la Gandonne<br>13300 SALON DE PROVENCE\t\t<\/li>\n\t\t\t\t\t<\/ul>\n\t<\/div>\n\t\t\t\t<\/div>\n\t\t\t\t<\/div>\n\t\t\t\t\t<\/div>\n\t\t<\/div>\n\t\t\t\t\t<\/div>\n\t\t<\/section>\n\t\t\t\t\t<\/div>\n\t\t<\/div>\n\t\t\t\t<div class=\"elementor-column elementor-col-50 elementor-top-column elementor-element elementor-element-368ce66\" data-id=\"368ce66\" data-element_type=\"column\" data-settings=\"{&quot;background_background&quot;:&quot;classic&quot;}\">\n\t\t\t<div class=\"elementor-widget-wrap elementor-element-populated\">\n\t\t\t\t\t\t<div class=\"elementor-element elementor-element-7f2497a elementor-widget elementor-widget-spacer\" data-id=\"7f2497a\" data-element_type=\"widget\" data-widget_type=\"spacer.default\">\n\t\t\t\t<div class=\"elementor-widget-container\">\n\t\t\t\t\t\t\t<div class=\"elementor-spacer\">\n\t\t\t<div class=\"elementor-spacer-inner\"><\/div>\n\t\t<\/div>\n\t\t\t\t\t\t<\/div>\n\t\t\t\t<\/div>\n\t\t\t\t\t<\/div>\n\t\t<\/div>\n\t\t\t\t\t<\/div>\n\t\t<\/section>\n\t\t\t\t<section class=\"elementor-section elementor-top-section elementor-element elementor-element-9eb24aa elementor-section-full_width elementor-section-height-default elementor-section-height-default\" data-id=\"9eb24aa\" data-element_type=\"section\">\n\t\t\t\t\t\t<div class=\"elementor-container elementor-column-gap-no\">\n\t\t\t\t\t<div class=\"elementor-column elementor-col-100 elementor-top-column elementor-element elementor-element-6b47df1\" data-id=\"6b47df1\" data-element_type=\"column\">\n\t\t\t<div class=\"elementor-widget-wrap elementor-element-populated\">\n\t\t\t\t\t\t<div class=\"elementor-element elementor-element-91719a6 elementor-widget elementor-widget-hawat_core_text_marquee\" data-id=\"91719a6\" data-element_type=\"widget\" data-widget_type=\"hawat_core_text_marquee.default\">\n\t\t\t\t<div class=\"elementor-widget-container\">\n\t\t\t\t\t<div class=\"qodef-shortcode qodef-m  qodef-text-marquee qodef-text-marquee-615 qodef-layout--default qodef-direction--left \" >\n\t<div class=\"qodef-m-content\" >\n\t\t<div class=\"qodef-m-content-inner\">\n\t\t\t\t\t\t\t\t\t\t\t\t<span class=\"qodef-m-text-1\" >\n\t\t\t\t\t\tVous avez un projet d&#039;application-m\u00e9tier ?\t\t\t\t\t<\/span>\n\t\t\t\t\t\t\t\t\t\t\t\t\t<span class=\"qodef-m-separator\" >\n\t\t\t\t\t\t\/\/\t\t\t\t\t<\/span>\n\t\t\t\t\t\t\t\t\t\t\t\t\t\t\t<\/div>\n\t<\/div>\n<\/div>\n\t\t\t\t<\/div>\n\t\t\t\t<\/div>\n\t\t\t\t\t<\/div>\n\t\t<\/div>\n\t\t\t\t\t<\/div>\n\t\t<\/section>\n\t\t\t\t<section class=\"elementor-section elementor-top-section elementor-element elementor-element-99ae6cc elementor-section-full_width qodef-elementor-content-grid elementor-section-height-default elementor-section-height-default\" data-id=\"99ae6cc\" data-element_type=\"section\">\n\t\t\t\t\t\t<div class=\"elementor-container elementor-column-gap-no\">\n\t\t\t\t\t<div class=\"elementor-column elementor-col-50 elementor-top-column elementor-element elementor-element-63437bd\" data-id=\"63437bd\" data-element_type=\"column\">\n\t\t\t<div class=\"elementor-widget-wrap elementor-element-populated\">\n\t\t\t\t\t\t<div class=\"elementor-element elementor-element-5d4f658 elementor-widget elementor-widget-hawat_core_section_title\" data-id=\"5d4f658\" data-element_type=\"widget\" data-widget_type=\"hawat_core_section_title.default\">\n\t\t\t\t<div class=\"elementor-widget-container\">\n\t\t\t\t\t<div class=\"qodef-shortcode qodef-m  qodef-section-title qodef-alignment--left  \">\n\t\t<h2 class=\"qodef-m-title\" >\n\t\t\t\t\tPour nous contacter\t\t\t<\/h2>\n\t\t<p class=\"qodef-m-text-area\" style=\"margin-top: 17px\">Vous pouvez compl\u00e9ter le formulaire ci-dessous et nous vous recontacterons d\u00e8s que possible.<\/p>\n\t<\/div>\n\t\t\t\t<\/div>\n\t\t\t\t<\/div>\n\t\t\t\t<section class=\"elementor-section elementor-inner-section elementor-element elementor-element-0f39f3f elementor-section-full_width elementor-section-height-default elementor-section-height-default\" data-id=\"0f39f3f\" data-element_type=\"section\">\n\t\t\t\t\t\t<div class=\"elementor-container elementor-column-gap-no\">\n\t\t\t\t\t<div class=\"elementor-column elementor-col-50 elementor-inner-column elementor-element elementor-element-e9c0509\" data-id=\"e9c0509\" data-element_type=\"column\">\n\t\t\t<div class=\"elementor-widget-wrap elementor-element-populated\">\n\t\t\t\t\t\t<div class=\"elementor-element elementor-element-d1674f5 elementor-widget elementor-widget-hawat_core_link_list\" data-id=\"d1674f5\" data-element_type=\"widget\" data-widget_type=\"hawat_core_link_list.default\">\n\t\t\t\t<div class=\"elementor-widget-container\">\n\t\t\t\t\t<div class=\"qodef-shortcode qodef-m  qodef-link-list qodef-layout--list  \">\n\t<div class=\"qodef-m-heading\">\n\t\t\t<h5 class=\"qodef-m-title\" >\tNous \u00e9crire\t<\/h5>\t<\/div>\n\t\t\t<ul class=\"qodef-m-link-list\">\n\t\t\t\t\t\t\t<li class=\"qodef-m-link-list-item\">\n\t\t<a href=\"mailto:contact@dayos.fr\" target=\"_self\">\n\t\t\t\tcontact@dayos.fr\t\t\t<\/a>\n<\/li>\n\t\t\t\t\t<\/ul>\n\t<\/div>\n\t\t\t\t<\/div>\n\t\t\t\t<\/div>\n\t\t\t\t\t<\/div>\n\t\t<\/div>\n\t\t\t\t<div class=\"elementor-column elementor-col-50 elementor-inner-column elementor-element elementor-element-3d15a5c\" data-id=\"3d15a5c\" data-element_type=\"column\">\n\t\t\t<div class=\"elementor-widget-wrap elementor-element-populated\">\n\t\t\t\t\t\t<div class=\"elementor-element elementor-element-1930617 elementor-widget elementor-widget-hawat_core_link_list\" data-id=\"1930617\" data-element_type=\"widget\" data-widget_type=\"hawat_core_link_list.default\">\n\t\t\t\t<div class=\"elementor-widget-container\">\n\t\t\t\t\t<div class=\"qodef-shortcode qodef-m  qodef-link-list qodef-layout--list  \">\n\t<div class=\"qodef-m-heading\">\n\t\t\t<h5 class=\"qodef-m-title\" >\tNous appeler\t<\/h5>\t<\/div>\n\t\t\t<ul class=\"qodef-m-link-list\">\n\t\t\t\t\t\t\t<li class=\"qodef-m-link-list-item\">\n\t\t<a href=\"tel:0320753564\" target=\"_self\">\n\t\t\t\t03 20 75 35 64 \t\t\t<\/a>\n<\/li>\n\t\t\t\t\t\t\t<li class=\"qodef-m-link-list-item\">\n\t\t<a href=\"tel:0628323388\" target=\"_self\">\n\t\t\t\t06 28 32 33 88\t\t\t<\/a>\n<\/li>\n\t\t\t\t\t<\/ul>\n\t<\/div>\n\t\t\t\t<\/div>\n\t\t\t\t<\/div>\n\t\t\t\t\t<\/div>\n\t\t<\/div>\n\t\t\t\t\t<\/div>\n\t\t<\/section>\n\t\t\t\t<div class=\"elementor-element elementor-element-b7331d3 elementor-widget elementor-widget-qi_addons_for_elementor_animated_text\" data-id=\"b7331d3\" data-element_type=\"widget\" data-widget_type=\"qi_addons_for_elementor_animated_text.default\">\n\t\t\t\t<div class=\"elementor-widget-container\">\n\t\t\t\t\t<div class=\"qodef-shortcode qodef-m qodef-qi-animated-text qodef-qi--has-appear qodef--appear-from-bottom\" data-appear-delay=\"1000\">\n\t\t<h5 class=\"qodef-m-title\">\n\t\tN'h\u00e9sitez pas \u00e0 faire appel \u00e0 nous pour votre mise en concurrence.\t<\/h5>\n<\/div>\n\t\t\t\t<\/div>\n\t\t\t\t<\/div>\n\t\t\t\t<div class=\"elementor-element elementor-element-382a666 elementor-widget elementor-widget-qi_addons_for_elementor_animated_text\" data-id=\"382a666\" data-element_type=\"widget\" data-widget_type=\"qi_addons_for_elementor_animated_text.default\">\n\t\t\t\t<div class=\"elementor-widget-container\">\n\t\t\t\t\t<div class=\"qodef-shortcode qodef-m qodef-qi-animated-text qodef-qi--has-appear qodef--appear-from-bottom\" data-appear-delay=\"2000\">\n\t\t<h5 class=\"qodef-m-title\">\n\t\tNous serons heureux de candidater.\t<\/h5>\n<\/div>\n\t\t\t\t<\/div>\n\t\t\t\t<\/div>\n\t\t\t\t\t<\/div>\n\t\t<\/div>\n\t\t\t\t<div class=\"elementor-column elementor-col-50 elementor-top-column elementor-element elementor-element-fe1b820\" data-id=\"fe1b820\" data-element_type=\"column\">\n\t\t\t<div class=\"elementor-widget-wrap elementor-element-populated\">\n\t\t\t\t\t\t<div class=\"elementor-element elementor-element-26226a4 elementor-widget elementor-widget-wp-widget-hawat_core_contact_form_7\" data-id=\"26226a4\" data-element_type=\"widget\" data-widget_type=\"wp-widget-hawat_core_contact_form_7.default\">\n\t\t\t\t<div class=\"elementor-widget-container\">\n\t\t\t\t\t\t\t\t<div class=\"qodef-contact-form-7\">\n\t\t\t\t\n<div class=\"wpcf7 no-js\" id=\"wpcf7-f944-o1\" lang=\"en-US\" dir=\"ltr\" data-wpcf7-id=\"944\">\n<div class=\"screen-reader-response\"><p role=\"status\" aria-live=\"polite\" aria-atomic=\"true\"><\/p> <ul><\/ul><\/div>\n<form action=\"\/en\/wp-json\/wp\/v2\/pages\/11409#wpcf7-f944-o1\" method=\"post\" class=\"wpcf7-form init\" aria-label=\"Contact form\" novalidate=\"novalidate\" data-status=\"init\">\n<div style=\"display: none;\">\n<input type=\"hidden\" name=\"_wpcf7\" value=\"944\" \/>\n<input type=\"hidden\" name=\"_wpcf7_version\" value=\"6.0.4\" \/>\n<input type=\"hidden\" name=\"_wpcf7_locale\" value=\"en_US\" \/>\n<input type=\"hidden\" name=\"_wpcf7_unit_tag\" value=\"wpcf7-f944-o1\" \/>\n<input type=\"hidden\" name=\"_wpcf7_container_post\" value=\"0\" \/>\n<input type=\"hidden\" name=\"_wpcf7_posted_data_hash\" value=\"\" \/>\n<\/div>\n<span class=\"wpcf7-form-control-wrap\" data-name=\"raisonsociale\"><input size=\"40\" maxlength=\"400\" class=\"wpcf7-form-control wpcf7-text wpcf7-validates-as-required\" aria-required=\"true\" aria-invalid=\"false\" placeholder=\"Raison sociale\" value=\"\" type=\"text\" name=\"raisonsociale\" \/><\/span>\n\n<span class=\"wpcf7-form-control-wrap\" data-name=\"nom\"><input size=\"40\" maxlength=\"400\" class=\"wpcf7-form-control wpcf7-text wpcf7-validates-as-required\" aria-required=\"true\" aria-invalid=\"false\" placeholder=\"Nom et Pr\u00e9nom\" value=\"\" type=\"text\" name=\"nom\" \/><\/span>\n\n<span class=\"wpcf7-form-control-wrap\" data-name=\"email\"><input size=\"40\" maxlength=\"400\" class=\"wpcf7-form-control wpcf7-email wpcf7-validates-as-required wpcf7-text wpcf7-validates-as-email\" aria-required=\"true\" aria-invalid=\"false\" placeholder=\"Email\" value=\"\" type=\"email\" name=\"email\" \/><\/span>\n\n<span class=\"wpcf7-form-control-wrap\" data-name=\"town\"><input size=\"40\" maxlength=\"400\" class=\"wpcf7-form-control wpcf7-text\" aria-invalid=\"false\" placeholder=\"Ville\" value=\"\" type=\"text\" name=\"town\" \/><\/span>\n\n<span class=\"wpcf7-form-control-wrap\" data-name=\"phone\"><input size=\"40\" maxlength=\"400\" class=\"wpcf7-form-control wpcf7-text wpcf7-validates-as-required\" aria-required=\"true\" aria-invalid=\"false\" placeholder=\"T\u00e9l\u00e9phone\" value=\"\" type=\"text\" name=\"phone\" \/><\/span>\n\n<span class=\"wpcf7-form-control-wrap\" data-name=\"message\"><textarea cols=\"40\" rows=\"6\" maxlength=\"2000\" class=\"wpcf7-form-control wpcf7-textarea\" aria-invalid=\"false\" placeholder=\"Message\" name=\"message\"><\/textarea><\/span>\n\n<button class=\"wpcf7-form-control wpcf7-submit qodef-shortcode qodef-m qodef-button qodef-layout--filled qodef-html--link\" type=\"submit\"><span class=\"qodef-m-text\">Envoyer<\/span><span class=\"qodef-m-icon\"><svg class=\"qodef-svg--plus-20\" width=\"20.252\" height=\"20.252\" viewBox=\"0 0 20.252 20.252\"><path d=\"M0 10.217h20.252M10.125 20.252V0\" \/><\/svg><\/span><\/button><div class=\"wpcf7-response-output\" aria-hidden=\"true\"><\/div>\n<\/form>\n<\/div>\n\t\t\t<\/div>\n\t\t\t\t\t\t\t<\/div>\n\t\t\t\t<\/div>\n\t\t\t\t\t<\/div>\n\t\t<\/div>\n\t\t\t\t\t<\/div>\n\t\t<\/section>\n\t\t\t\t<section class=\"elementor-section elementor-top-section elementor-element elementor-element-e856d43 elementor-section-full_width elementor-section-height-default elementor-section-height-default\" data-id=\"e856d43\" data-element_type=\"section\">\n\t\t\t\t\t\t<div class=\"elementor-container elementor-column-gap-no\">\n\t\t\t\t\t<div class=\"elementor-column elementor-col-100 elementor-top-column elementor-element elementor-element-866735c\" data-id=\"866735c\" data-element_type=\"column\">\n\t\t\t<div class=\"elementor-widget-wrap elementor-element-populated\">\n\t\t\t\t\t\t<div class=\"elementor-element elementor-element-7b1c01f elementor-widget elementor-widget-hawat_core_text_marquee\" data-id=\"7b1c01f\" data-element_type=\"widget\" data-widget_type=\"hawat_core_text_marquee.default\">\n\t\t\t\t<div class=\"elementor-widget-container\">\n\t\t\t\t\t<div class=\"qodef-shortcode qodef-m  qodef-text-marquee qodef-text-marquee-95 qodef-layout--default qodef-direction--right \" >\n\t<div class=\"qodef-m-content\" >\n\t\t<div class=\"qodef-m-content-inner\">\n\t\t\t\t\t\t\t\t\t\t\t\t<span class=\"qodef-m-text-1\" >\n\t\t\t\t\t\tUn besoin pr\u00e9cis ou une intention g\u00e9n\u00e9rale ?\t\t\t\t\t<\/span>\n\t\t\t\t\t\t\t\t\t\t\t\t\t<span class=\"qodef-m-separator\" >\n\t\t\t\t\t\t\/\/\t\t\t\t\t<\/span>\n\t\t\t\t\t\t\t\t\t\t\t\t\t\t\t<\/div>\n\t<\/div>\n<\/div>\n\t\t\t\t<\/div>\n\t\t\t\t<\/div>\n\t\t\t\t\t<\/div>\n\t\t<\/div>\n\t\t\t\t\t<\/div>\n\t\t<\/section>\n\t\t\t\t<\/div>\n\t\t","protected":false},"excerpt":{"rendered":"<p>Nous contacter 2 agences \u00e0 votre service 01 APT ZI des Bourguignons84400 APT 02 Salon de provence ZA de la Gandonne13300 SALON DE PROVENCE Vous avez un projet d&#039;application-m\u00e9tier ? \/\/ Pour nous contacter Vous pouvez compl\u00e9ter le formulaire ci-dessous et nous vous recontacterons d\u00e8s que possible. Nous \u00e9crire contact@dayos.fr Nous appeler 03 20 75 [&hellip;]<\/p>\n","protected":false},"author":1,"featured_media":0,"parent":0,"menu_order":0,"comment_status":"closed","ping_status":"closed","template":"page-full-width.php","meta":{"footnotes":""},"class_list":["post-11409","page","type-page","status-publish","hentry"],"_links":{"self":[{"href":"https:\/\/www.dayos.fr\/en\/wp-json\/wp\/v2\/pages\/11409","targetHints":{"allow":["GET"]}}],"collection":[{"href":"https:\/\/www.dayos.fr\/en\/wp-json\/wp\/v2\/pages"}],"about":[{"href":"https:\/\/www.dayos.fr\/en\/wp-json\/wp\/v2\/types\/page"}],"author":[{"embeddable":true,"href":"https:\/\/www.dayos.fr\/en\/wp-json\/wp\/v2\/users\/1"}],"replies":[{"embeddable":true,"href":"https:\/\/www.dayos.fr\/en\/wp-json\/wp\/v2\/comments?post=11409"}],"version-history":[{"count":21,"href":"https:\/\/www.dayos.fr\/en\/wp-json\/wp\/v2\/pages\/11409\/revisions"}],"predecessor-version":[{"id":11771,"href":"https:\/\/www.dayos.fr\/en\/wp-json\/wp\/v2\/pages\/11409\/revisions\/11771"}],"wp:attachment":[{"href":"https:\/\/www.dayos.fr\/en\/wp-json\/wp\/v2\/media?parent=11409"}],"curies":[{"name":"wp","href":"https:\/\/api.w.org\/{rel}","templated":true}]}}