{"id":11410,"date":"2025-02-12T18:00:40","date_gmt":"2025-02-12T17:00:40","guid":{"rendered":"https:\/\/www.dayos.fr\/services\/"},"modified":"2025-04-14T15:35:31","modified_gmt":"2025-04-14T13:35:31","slug":"services","status":"publish","type":"page","link":"https:\/\/www.dayos.fr\/en\/services\/","title":{"rendered":"Nos services"},"content":{"rendered":"\t\t<div data-elementor-type=\"wp-page\" data-elementor-id=\"11410\" class=\"elementor elementor-11410 elementor-6471\" data-elementor-post-type=\"page\">\n\t\t\t\t\t\t<section class=\"elementor-section elementor-top-section elementor-element elementor-element-c6671b0 elementor-section-full_width qodef-elementor-content-grid elementor-section-height-default elementor-section-height-default\" data-id=\"c6671b0\" data-element_type=\"section\">\n\t\t\t\t\t\t<div class=\"elementor-container elementor-column-gap-no\">\n\t\t\t\t\t<div class=\"elementor-column elementor-col-50 elementor-top-column elementor-element elementor-element-fc82188\" data-id=\"fc82188\" data-element_type=\"column\">\n\t\t\t<div class=\"elementor-widget-wrap elementor-element-populated\">\n\t\t\t\t\t\t<div class=\"elementor-element elementor-element-41d9649 elementor-widget elementor-widget-hawat_core_single_image\" data-id=\"41d9649\" data-element_type=\"widget\" data-settings=\"{&quot;motion_fx_motion_fx_scrolling&quot;:&quot;yes&quot;,&quot;motion_fx_translateY_effect&quot;:&quot;yes&quot;,&quot;motion_fx_translateY_direction&quot;:&quot;negative&quot;,&quot;motion_fx_translateY_speed&quot;:{&quot;unit&quot;:&quot;px&quot;,&quot;size&quot;:1.5,&quot;sizes&quot;:[]},&quot;motion_fx_translateY_affectedRange&quot;:{&quot;unit&quot;:&quot;%&quot;,&quot;size&quot;:&quot;&quot;,&quot;sizes&quot;:{&quot;start&quot;:0,&quot;end&quot;:100}},&quot;motion_fx_devices&quot;:[&quot;desktop&quot;,&quot;tablet&quot;,&quot;mobile&quot;]}\" data-widget_type=\"hawat_core_single_image.default\">\n\t\t\t\t<div class=\"elementor-widget-container\">\n\t\t\t\t\t<div class=\"qodef-shortcode qodef-m  qodef-single-image qodef-layout--default qodef-parallax-item \" style=\"--qode-media-border-radius: 25px\">\n\t\t\t<div class=\"qodef-m-image\">\n\t\t\t\t\t\t\t\t<img fetchpriority=\"high\" decoding=\"async\" src=\"https:\/\/www.dayos.fr\/wp-content\/uploads\/2025\/03\/societe-informatique-dayos-900x1000.jpg\" alt=\"\" width=\"900\" height=\"1000\" data-ratio=\"0.9\" \/>\t\t\t\t\t\t\t<\/div>\n\t<\/div>\n\t\t\t\t<\/div>\n\t\t\t\t<\/div>\n\t\t\t\t\t<\/div>\n\t\t<\/div>\n\t\t\t\t<div class=\"elementor-column elementor-col-50 elementor-top-column elementor-element elementor-element-0844e2a\" data-id=\"0844e2a\" data-element_type=\"column\">\n\t\t\t<div class=\"elementor-widget-wrap elementor-element-populated\">\n\t\t\t\t\t\t<div class=\"elementor-element elementor-element-61efe11 elementor-widget elementor-widget-hawat_core_section_title\" data-id=\"61efe11\" data-element_type=\"widget\" data-widget_type=\"hawat_core_section_title.default\">\n\t\t\t\t<div class=\"elementor-widget-container\">\n\t\t\t\t\t<div class=\"qodef-shortcode qodef-m  qodef-section-title qodef-alignment--left  \">\n\t\t<h2 class=\"qodef-m-title\" style=\"color: #FFFFFF\">\n\t\t\t\t\tNos principaux services\t\t\t<\/h2>\n\t\t<p class=\"qodef-m-text-area\" style=\"margin-top: 16px;color: #FFFFFF\">Dayos est \u00e0 votre service pour vous aider \u00e0 concevoir vos projets applicatifs, les s\u00e9curiser et les automatiser.<\/p>\n\t<\/div>\n\t\t\t\t<\/div>\n\t\t\t\t<\/div>\n\t\t\t\t<div class=\"elementor-element elementor-element-447786e elementor-widget elementor-widget-hawat_core_numbered_link_list\" data-id=\"447786e\" data-element_type=\"widget\" data-widget_type=\"hawat_core_numbered_link_list.default\">\n\t\t\t\t<div class=\"elementor-widget-container\">\n\t\t\t\t\t<div class=\"qodef-shortcode qodef-m  qodef-numbered-link-list qodef-layout--list qodef-skin--light\" style=\"--qode-columns-1024: 2\">\n\t\t\t\t<ul class=\"qodef-m-link-list\">\n\t\t\t\t\t\t\t<li class=\"qodef-m-link-list-item\">\n\t\t<div class=\"qodef-m-number\">01<\/div>\n\t\t<a href=\"https:\/\/www.dayos.fr\/logiciel-sur-mesure\/\" target=\"_self\">\n\t\t\t\t<h5 class=\"qodef-m-title\" >\tLogiciels sur mesure\t<\/h5>\t\t\t<\/a>\n\t<\/li>\n\t\t\t\t\t\t\t\t\t\t\t<li class=\"qodef-m-link-list-item\">\n\t\t<div class=\"qodef-m-number\">02<\/div>\n\t\t<a href=\"https:\/\/www.dayos.fr\/cybersecurite\/\" target=\"_self\">\n\t\t\t\t<h5 class=\"qodef-m-title\" >\tProtection &amp; cybers\u00e9curit\u00e9\t<\/h5>\t\t\t<\/a>\n\t<\/li>\n\t\t\t\t\t\t\t\t\t\t\t<li class=\"qodef-m-link-list-item\">\n\t\t<div class=\"qodef-m-number\">03<\/div>\n\t\t<a href=\"https:\/\/www.dayos.fr\/ia-integrative\/\" target=\"_self\">\n\t\t\t\t<h5 class=\"qodef-m-title\" >\tIA Int\u00e9grative\t<\/h5>\t\t\t<\/a>\n\t<\/li>\n\t\t\t\t\t\t\t\t\t<\/ul>\n\t<\/div>\n\t\t\t\t<\/div>\n\t\t\t\t<\/div>\n\t\t\t\t\t<\/div>\n\t\t<\/div>\n\t\t\t\t\t<\/div>\n\t\t<\/section>\n\t\t\t\t<section class=\"elementor-section elementor-top-section elementor-element elementor-element-a3b0b96 elementor-section-full_width elementor-section-height-default elementor-section-height-default\" data-id=\"a3b0b96\" data-element_type=\"section\" data-settings=\"{&quot;background_background&quot;:&quot;classic&quot;}\">\n\t\t\t\t\t\t<div class=\"elementor-container elementor-column-gap-no\">\n\t\t\t\t\t<div class=\"elementor-column elementor-col-100 elementor-top-column elementor-element elementor-element-57b999f\" data-id=\"57b999f\" data-element_type=\"column\">\n\t\t\t<div class=\"elementor-widget-wrap elementor-element-populated\">\n\t\t\t\t\t\t<div class=\"elementor-element elementor-element-f1c17e0 elementor-widget elementor-widget-hawat_core_text_marquee\" data-id=\"f1c17e0\" data-element_type=\"widget\" data-widget_type=\"hawat_core_text_marquee.default\">\n\t\t\t\t<div class=\"elementor-widget-container\">\n\t\t\t\t\t<div class=\"qodef-shortcode qodef-m  qodef-text-marquee qodef-text-marquee-644 qodef-layout--default qodef-direction--left qodef--fluid-gap\" style=\"--qode-marquee-duration:20s;--qode-gap-min: 20px;--qode-gap-val: 60px;--qode-gap-max: 80px\">\n\t<div class=\"qodef-m-content\" >\n\t\t<div class=\"qodef-m-content-inner\">\n\t\t\t\t\t\t\t\t\t\t\t\t<span class=\"qodef-m-text-1\" style=\"color:#FFFFFF\">\n\t\t\t\t\t\tChoisissez le meilleur partenaire pour vos projets\t\t\t\t\t<\/span>\n\t\t\t\t\t\t\t\t\t\t\t\t\t<span class=\"qodef-m-separator\" style=\"color:#FFFFFF\">\n\t\t\t\t\t\t\/\/\t\t\t\t\t<\/span>\n\t\t\t\t\t\t\t\t\t\t\t\t\t\t\t<\/div>\n\t<\/div>\n<\/div>\n\t\t\t\t<\/div>\n\t\t\t\t<\/div>\n\t\t\t\t\t<\/div>\n\t\t<\/div>\n\t\t\t\t\t<\/div>\n\t\t<\/section>\n\t\t\t\t<section class=\"elementor-section elementor-top-section elementor-element elementor-element-8c5bce4 elementor-section-full_width elementor-section-height-default elementor-section-height-default\" data-id=\"8c5bce4\" data-element_type=\"section\" data-settings=\"{&quot;background_background&quot;:&quot;classic&quot;}\">\n\t\t\t\t\t\t<div class=\"elementor-container elementor-column-gap-no\">\n\t\t\t\t\t<div class=\"elementor-column elementor-col-100 elementor-top-column elementor-element elementor-element-ec374af\" data-id=\"ec374af\" data-element_type=\"column\" data-settings=\"{&quot;background_background&quot;:&quot;classic&quot;}\">\n\t\t\t<div class=\"elementor-widget-wrap elementor-element-populated\">\n\t\t\t\t\t\t<section class=\"elementor-section elementor-inner-section elementor-element elementor-element-92edfde elementor-section-full_width elementor-section-height-default elementor-section-height-default\" data-id=\"92edfde\" data-element_type=\"section\">\n\t\t\t\t\t\t<div class=\"elementor-container elementor-column-gap-no\">\n\t\t\t\t\t<div class=\"elementor-column elementor-col-100 elementor-inner-column elementor-element elementor-element-245ec77\" data-id=\"245ec77\" data-element_type=\"column\" data-settings=\"{&quot;background_background&quot;:&quot;classic&quot;}\">\n\t\t\t<div class=\"elementor-widget-wrap elementor-element-populated\">\n\t\t\t\t\t\t<div class=\"elementor-element elementor-element-a59cad2 elementor-widget elementor-widget-hawat_core_section_title\" data-id=\"a59cad2\" data-element_type=\"widget\" data-widget_type=\"hawat_core_section_title.default\">\n\t\t\t\t<div class=\"elementor-widget-container\">\n\t\t\t\t\t<div class=\"qodef-shortcode qodef-m  qodef-section-title qodef-alignment--center  \">\n\t\t<h2 class=\"qodef-m-title\" style=\"color: #FFFFFF\">\n\t\t\t\t\tN'h\u00e9sitez pas \u00e0 faire appel \u00e0 nous pour votre mise en concurrence. Nous serons heureux de candidater.\t\t\t<\/h2>\n\t\t<\/div>\n\t\t\t\t<\/div>\n\t\t\t\t<\/div>\n\t\t\t\t<div class=\"elementor-element elementor-element-bb067a8 elementor-widget elementor-widget-hawat_core_image_marquee\" data-id=\"bb067a8\" data-element_type=\"widget\" data-widget_type=\"hawat_core_image_marquee.default\">\n\t\t\t\t<div class=\"elementor-widget-container\">\n\t\t\t\t\t<div class=\"qodef-shortcode qodef-m  qodef-image-marquee qodef-layout--default\">\n\t<div class=\"qodef-m-content qodef--desktop\" style=\"height: 820px\">\n\t\t\t\t\t<div class=\"qodef-m-image qodef-image--original\" style=\"background: url(&quot;https:\/\/www.dayos.fr\/wp-content\/uploads\/2025\/03\/application-image-marquee.png&quot;);width: 3235px;height: 820px;animation: qode-move-marquee 23s linear infinite\"><\/div>\n\t\t\t<div class=\"qodef-m-image qodef-image--copy\" style=\"background: url(&quot;https:\/\/www.dayos.fr\/wp-content\/uploads\/2025\/03\/application-image-marquee.png&quot;);width: 3235px;height: 820px;animation: qode-move-marquee 23s linear infinite;animation-name:qode-move-marquee-copy;\"><\/div>\n\t\t\t<\/div>\n\t<div class=\"qodef-m-content qodef--mobile\" style=\"height: 410px\">\n\t\t\t\t\t<div class=\"qodef-m-image qodef-image--original\" style=\"background: url(&quot;https:\/\/www.dayos.fr\/wp-content\/uploads\/2025\/03\/application-image-marquee.png&quot;);width: 1617.5px;height: 410px;animation: qode-move-marquee 23s linear infinite\"><\/div>\n\t\t\t<div class=\"qodef-m-image qodef-image--copy\" style=\"background: url(&quot;https:\/\/www.dayos.fr\/wp-content\/uploads\/2025\/03\/application-image-marquee.png&quot;);width: 1617.5px;height: 410px;animation: qode-move-marquee 23s linear infinite;animation-name:qode-move-marquee-copy;\"><\/div>\n\t\t\t<\/div>\n<\/div>\n\t\t\t\t<\/div>\n\t\t\t\t<\/div>\n\t\t\t\t\t<\/div>\n\t\t<\/div>\n\t\t\t\t\t<\/div>\n\t\t<\/section>\n\t\t\t\t<section class=\"elementor-section elementor-inner-section elementor-element elementor-element-f95418c elementor-section-full_width elementor-section-height-default elementor-section-height-default\" data-id=\"f95418c\" data-element_type=\"section\" data-settings=\"{&quot;background_background&quot;:&quot;classic&quot;}\">\n\t\t\t\t\t\t<div class=\"elementor-container elementor-column-gap-no\">\n\t\t\t\t\t<div class=\"elementor-column elementor-col-100 elementor-inner-column elementor-element elementor-element-fd4f019\" data-id=\"fd4f019\" data-element_type=\"column\">\n\t\t\t<div class=\"elementor-widget-wrap elementor-element-populated\">\n\t\t\t\t\t\t<div class=\"elementor-element elementor-element-9fb8279 elementor-widget__width-initial elementor-absolute elementor-widget elementor-widget-hawat_core_sphere\" data-id=\"9fb8279\" data-element_type=\"widget\" data-settings=\"{&quot;_position&quot;:&quot;absolute&quot;}\" data-widget_type=\"hawat_core_sphere.default\">\n\t\t\t\t<div class=\"elementor-widget-container\">\n\t\t\t\t\t<div class=\"qodef-shortcode qodef-m  qodef-sphere qodef-layout--default qodef-has-appear\" >\n\t<svg xmlns=\"http:\/\/www.w3.org\/2000\/svg\" xmlns:xlink=\"http:\/\/www.w3.org\/1999\/xlink\" x=\"0px\" y=\"0px\"\n     viewBox=\"0 0 640 621\" style=\"enable-background:new 0 0 640 621;\" xml:space=\"preserve\">\n\t<ellipse transform=\"matrix(0.7071 -0.7071 0.7071 0.7071 -127.7515 337.6984)\"\n\t         cx=\"343.8\" cy=\"323.1\" rx=\"293.9\" ry=\"293.9\"\/>\n\t<path d=\"M553.7,247.9C522.7,88.6,447,3.6,287.7,34.6S24.3,219.8,55.3,379.1c31,159.3,185.3,263.4,344.6,232.4C559.2,580.6,584.7,407.2,553.7,247.9z\"\/>\n\t<path d=\"M475.1,228.9C444.1,69.5,447,3.6,287.7,34.6S24.3,219.8,55.3,379.1c31,159.3,185.3,263.4,344.6,232.4C559.2,580.6,506.1,388.2,475.1,228.9z\"\/>\n\t<path d=\"M396.5,209.7C365.5,50.4,447,3.5,287.7,34.5S24.3,219.7,55.2,379c31,159.3,185.3,263.4,344.6,232.4S427.5,369.1,396.5,209.7z\"\/>\n\t<path d=\"M317.9,190.7C287,31.3,447,3.6,287.7,34.6S24.3,219.8,55.3,379.1c31,159.3,185.3,263.4,344.6,232.4C559.2,580.6,348.9,350.1,317.9,190.7z\"\/>\n\t<path d=\"M239.3,171.6c-31-159.3,207.7-168,48.3-137S24.3,219.8,55.3,379.1c31,159.3,185.3,263.4,344.6,232.4C559.2,580.6,270.3,330.9,239.3,171.6z\"\/>\n\t<path d=\"M160.8,152.5C129.8-6.8,447,3.6,287.7,34.6S24.3,219.8,55.3,379.1s185.3,263.4,344.6,232.4C559.2,580.6,191.7,311.9,160.8,152.5z\"\/>\n\t<path d=\"M82.2,133.5C51.2-25.8,447,3.6,287.7,34.6S24.3,219.8,55.3,379.1\tc31,159.3,185.3,263.4,344.6,232.4C559.2,580.6,113.2,292.8,82.2,133.5z\"\/>\n\t<path d=\"M3.6,114.4C-27.4-44.9,447,3.6,287.7,34.6S24.3,219.8,55.3,379.1s185.3,263.4,344.6,232.4C559.2,580.6,34.6,273.7,3.6,114.4z\"\/>\n<\/svg><\/div>\n\t\t\t\t<\/div>\n\t\t\t\t<\/div>\n\t\t\t\t<div class=\"elementor-element elementor-element-9a2d605 elementor-widget__width-initial elementor-widget-tablet__width-inherit elementor-widget elementor-widget-hawat_core_section_title\" data-id=\"9a2d605\" data-element_type=\"widget\" data-widget_type=\"hawat_core_section_title.default\">\n\t\t\t\t<div class=\"elementor-widget-container\">\n\t\t\t\t\t<div class=\"qodef-shortcode qodef-m  qodef-section-title qodef-alignment--center  \">\n\t\t<h2 class=\"qodef-m-title\" style=\"color: #FFFFFF\">\n\t\t\t\t\tL\u00e0 o\u00f9 il y a Technologie,<br \/> il y a Dayos\t\t\t<\/h2>\n\t\t\t<div class=\"qodef-m-button\">\n\t\t<a class=\"qodef-shortcode qodef-m  qodef-button qodef-layout--filled  qodef-html--link\" href=\"https:\/\/www.dayos.fr\/contact\" target=\"_self\"  style=\"color: #262626;background-color: #FFFFFF;margin: 50px 0px 0px 0px\">\t<span class=\"qodef-m-text\">Pr\u00e9sentez votre projet<\/span>\t<span class=\"qodef-m-icon\"><svg class=\"qodef-svg--plus-20\" width=\"20.252\" height=\"20.252\" viewBox=\"0 0 20.252 20.252\"><path d=\"M0 10.217h20.252M10.125 20.252V0\" \/><\/svg><\/span><\/a>\t<\/div>\n<\/div>\n\t\t\t\t<\/div>\n\t\t\t\t<\/div>\n\t\t\t\t\t<\/div>\n\t\t<\/div>\n\t\t\t\t\t<\/div>\n\t\t<\/section>\n\t\t\t\t\t<\/div>\n\t\t<\/div>\n\t\t\t\t\t<\/div>\n\t\t<\/section>\n\t\t\t\t<\/div>\n\t\t","protected":false},"excerpt":{"rendered":"<p>Nos principaux services Dayos est \u00e0 votre service pour vous aider \u00e0 concevoir vos projets applicatifs, les s\u00e9curiser et les automatiser. 01 Logiciels sur mesure 02 Protection &amp; cybers\u00e9curit\u00e9 03 IA Int\u00e9grative Choisissez le meilleur partenaire pour vos projets \/\/ N&#8217;h\u00e9sitez pas \u00e0 faire appel \u00e0 nous pour votre mise en concurrence. Nous serons heureux [&hellip;]<\/p>\n","protected":false},"author":1,"featured_media":0,"parent":0,"menu_order":0,"comment_status":"closed","ping_status":"closed","template":"page-full-width.php","meta":{"footnotes":""},"class_list":["post-11410","page","type-page","status-publish","hentry"],"_links":{"self":[{"href":"https:\/\/www.dayos.fr\/en\/wp-json\/wp\/v2\/pages\/11410","targetHints":{"allow":["GET"]}}],"collection":[{"href":"https:\/\/www.dayos.fr\/en\/wp-json\/wp\/v2\/pages"}],"about":[{"href":"https:\/\/www.dayos.fr\/en\/wp-json\/wp\/v2\/types\/page"}],"author":[{"embeddable":true,"href":"https:\/\/www.dayos.fr\/en\/wp-json\/wp\/v2\/users\/1"}],"replies":[{"embeddable":true,"href":"https:\/\/www.dayos.fr\/en\/wp-json\/wp\/v2\/comments?post=11410"}],"version-history":[{"count":22,"href":"https:\/\/www.dayos.fr\/en\/wp-json\/wp\/v2\/pages\/11410\/revisions"}],"predecessor-version":[{"id":11598,"href":"https:\/\/www.dayos.fr\/en\/wp-json\/wp\/v2\/pages\/11410\/revisions\/11598"}],"wp:attachment":[{"href":"https:\/\/www.dayos.fr\/en\/wp-json\/wp\/v2\/media?parent=11410"}],"curies":[{"name":"wp","href":"https:\/\/api.w.org\/{rel}","templated":true}]}}